{"id":6758,"date":"2019-10-30T08:05:37","date_gmt":"2019-10-30T04:05:37","guid":{"rendered":"https:\/\/irds-center.com\/multimedia\/"},"modified":"2025-01-06T21:47:51","modified_gmt":"2025-01-06T17:47:51","slug":"%d0%bc%d1%83%d0%bb%d1%8c%d1%82%d0%b8%d0%bc%d0%b5%d0%b4%d0%b8%d1%8f","status":"publish","type":"page","link":"https:\/\/irds-center.com\/ru\/%d0%bc%d1%83%d0%bb%d1%8c%d1%82%d0%b8%d0%bc%d0%b5%d0%b4%d0%b8%d1%8f\/","title":{"rendered":"\u041c\u0443\u043b\u044c\u0442\u0438\u043c\u0435\u0434\u0438\u044f"},"content":{"rendered":"\t\t<div data-elementor-type=\"wp-page\" data-elementor-id=\"6758\" class=\"elementor elementor-6758\">\n\t\t\t\t<div class=\"elementor-element elementor-element-29a9d92 e-flex e-con-boxed e-con e-parent\" data-id=\"29a9d92\" data-element_type=\"container\">\n\t\t\t\t\t<div class=\"e-con-inner\">\n\t\t\t\t<div class=\"elementor-element elementor-element-48d8789 elementor-widget elementor-widget-spacer\" data-id=\"48d8789\" data-element_type=\"widget\" data-widget_type=\"spacer.default\">\n\t\t\t\t<div class=\"elementor-widget-container\">\n\t\t\t\t\t\t\t<div class=\"elementor-spacer\">\n\t\t\t<div class=\"elementor-spacer-inner\"><\/div>\n\t\t<\/div>\n\t\t\t\t\t\t<\/div>\n\t\t\t\t<\/div>\n\t\t\t\t\t<\/div>\n\t\t\t\t<\/div>\n\t\t        <section class=\"elementor-section elementor-top-section elementor-element elementor-element-5c8389a elementor-section-boxed elementor-section-height-default elementor-section-height-default ct-header-fixed-none ct-row-max-none\" data-id=\"5c8389a\" data-element_type=\"section\">\n            \n                        <div class=\"elementor-container elementor-column-gap-extended \">\n                    <div class=\"elementor-column elementor-col-100 elementor-top-column elementor-element elementor-element-0632e7a\" data-id=\"0632e7a\" data-element_type=\"column\">\n        <div class=\"elementor-widget-wrap elementor-element-populated\">\n                    \n        \t\t<div class=\"elementor-element elementor-element-96cec10 elementor-widget elementor-widget-shortcode\" data-id=\"96cec10\" data-element_type=\"widget\" data-widget_type=\"shortcode.default\">\n\t\t\t\t<div class=\"elementor-widget-container\">\n\t\t\t\t\t\t\t<div class=\"elementor-shortcode\"><div class=\"automatic-youtube-gallery ayg\">\n        <ayg-theme-classic id=\"ayg-172ca101d7b1114410e1526bc743e7c7\" class=\"ayg-theme ayg-theme-classic\" data-params='{\"uid\":\"172ca101d7b1114410e1526bc743e7c7\",\"loop\":0,\"autoadvance\":1,\"player_title\":1,\"player_description\":1}'>\n        <div class=\"ayg-player\">\n            <div class=\"ayg-player-container\" style=\"max-width: 100%;\">\n                <ayg-player src=\"https:\/\/www.youtube.com\/embed\/w0Pi3JaNnCY?enablejsapi=1&#038;playsinline=1&#038;rel=0&#038;modestbranding=1&#038;iv_load_policy=3\" ratio=\"56.25\" title=\"Samir H\u00fcmb\u0259tov Amerikanin Az\u0259rbaycan&#039;a m\u0259ktubu\" poster=\"https:\/\/i.ytimg.com\/vi\/w0Pi3JaNnCY\/maxresdefault.jpg\"><\/ayg-player>           \n            <\/div>\n            <div class=\"ayg-player-caption\">\n                    \n                    <h2 class=\"ayg-player-title\">Samir H\u00fcmb\u0259tov Amerikanin Az\u0259rbaycan&#039;a m\u0259ktubu<\/h2>  \n                                  \n                    <ayg-description class=\"ayg-player-description\"><\/ayg-description>\n                            <\/div>\n        <\/div>\n        <div class=\"ayg-videos ayg-gallery ayg-row\">\n                            <div class=\"ayg-video ayg-video-w0Pi3JaNnCY ayg-col ayg-col-4 ayg-col-sm-3 ayg-col-xs-2 ayg-active\">\n                    <div class=\"ayg-thumbnail\" data-id=\"w0Pi3JaNnCY\" data-title=\"Samir H\u00fcmb\u0259tov Amerikanin Az\u0259rbaycan&#039;a m\u0259ktubu\" data-url=\"\">\n    <div class=\"ayg-thumbnail-media\">\n        <img fetchpriority=\"high\" decoding=\"async\" src=\"https:\/\/i.ytimg.com\/vi\/w0Pi3JaNnCY\/maxresdefault.jpg\" class=\"ayg-thumbnail-image\" width=\"320\" height=\"180\" alt=\"Samir H\u00fcmb\u0259tov Amerikanin Az\u0259rbaycan&#039;a m\u0259ktubu\" \/><svg xmlns=\"http:\/\/www.w3.org\/2000\/svg\" fill=\"white\" width=\"40\" height=\"40\" viewBox=\"0 0 24 24\" class=\"ayg-icon ayg-thumbnail-icon-play\" title=\"Play\" aria-label=\"Play\"><path fill-rule=\"evenodd\" d=\"M2.25 12c0-5.385 4.365-9.75 9.75-9.75s9.75 4.365 9.75 9.75-4.365 9.75-9.75 9.75S2.25 17.385 2.25 12Zm14.024-.983a1.125 1.125 0 0 1 0 1.966l-5.603 3.113A1.125 1.125 0 0 1 9 15.113V8.887c0-.857.921-1.4 1.671-.983l5.603 3.113Z\" clip-rule=\"evenodd\" \/><\/svg><div class=\"ayg-thumbnail-now-playing\" style=\"display: none;\">Now Playing<\/div>        \n    <\/div>\n    <div class=\"ayg-thumbnail-caption\">\n         \n            <div class=\"ayg-thumbnail-title\">Samir H\u00fcmb\u0259tov Amerikanin Az\u0259rbaycan&#039;a m\u0259ktubu<\/div>\n         \n                    <\/div>           \n<\/div>                <\/div>\n                            <div class=\"ayg-video ayg-video-8M80k7Sxf6U ayg-col ayg-col-4 ayg-col-sm-3 ayg-col-xs-2\">\n                    <div class=\"ayg-thumbnail\" data-id=\"8M80k7Sxf6U\" data-title=\"Az\u0259rbaycan daha q\u0259ti add\u0131mlar atmal\u0131d\u0131r! YOXSA      Samir H\u00fcmb\u0259tov il\u0259.\" data-url=\"\">\n    <div class=\"ayg-thumbnail-media\">\n        <img decoding=\"async\" src=\"https:\/\/i.ytimg.com\/vi\/8M80k7Sxf6U\/maxresdefault.jpg\" class=\"ayg-thumbnail-image\" width=\"320\" height=\"180\" alt=\"Az\u0259rbaycan daha q\u0259ti add\u0131mlar atmal\u0131d\u0131r! YOXSA      Samir H\u00fcmb\u0259tov il\u0259.\" \/><svg xmlns=\"http:\/\/www.w3.org\/2000\/svg\" fill=\"white\" width=\"40\" height=\"40\" viewBox=\"0 0 24 24\" class=\"ayg-icon ayg-thumbnail-icon-play\" title=\"Play\" aria-label=\"Play\"><path fill-rule=\"evenodd\" d=\"M2.25 12c0-5.385 4.365-9.75 9.75-9.75s9.75 4.365 9.75 9.75-4.365 9.75-9.75 9.75S2.25 17.385 2.25 12Zm14.024-.983a1.125 1.125 0 0 1 0 1.966l-5.603 3.113A1.125 1.125 0 0 1 9 15.113V8.887c0-.857.921-1.4 1.671-.983l5.603 3.113Z\" clip-rule=\"evenodd\" \/><\/svg><div class=\"ayg-thumbnail-now-playing\" style=\"display: none;\">Now Playing<\/div>        \n    <\/div>\n    <div class=\"ayg-thumbnail-caption\">\n         \n            <div class=\"ayg-thumbnail-title\">Az\u0259rbaycan daha q\u0259ti add\u0131mlar atmal\u0131d\u0131r! YOXSA      Samir H\u00fcmb\u0259tov il\u0259.<\/div>\n         \n                    <\/div>           \n<\/div>                <\/div>\n                            <div class=\"ayg-video ayg-video-C0WNhaMTLCg ayg-col ayg-col-4 ayg-col-sm-3 ayg-col-xs-2\">\n                    <div class=\"ayg-thumbnail\" data-id=\"C0WNhaMTLCg\" data-title=\"Samir H\u00fcmb\u0259tov  Rusiya birinci at\u0259\u015f a\u00e7mamaqla ba\u011fl\u0131 verdiyi s\u00f6z\u0259 \u0259m\u0259l etm\u0259di.\" data-url=\"\">\n    <div class=\"ayg-thumbnail-media\">\n        <img decoding=\"async\" src=\"https:\/\/i.ytimg.com\/vi\/C0WNhaMTLCg\/maxresdefault.jpg\" class=\"ayg-thumbnail-image\" width=\"320\" height=\"180\" alt=\"Samir H\u00fcmb\u0259tov  Rusiya birinci at\u0259\u015f a\u00e7mamaqla ba\u011fl\u0131 verdiyi s\u00f6z\u0259 \u0259m\u0259l etm\u0259di.\" \/><svg xmlns=\"http:\/\/www.w3.org\/2000\/svg\" fill=\"white\" width=\"40\" height=\"40\" viewBox=\"0 0 24 24\" class=\"ayg-icon ayg-thumbnail-icon-play\" title=\"Play\" aria-label=\"Play\"><path fill-rule=\"evenodd\" d=\"M2.25 12c0-5.385 4.365-9.75 9.75-9.75s9.75 4.365 9.75 9.75-4.365 9.75-9.75 9.75S2.25 17.385 2.25 12Zm14.024-.983a1.125 1.125 0 0 1 0 1.966l-5.603 3.113A1.125 1.125 0 0 1 9 15.113V8.887c0-.857.921-1.4 1.671-.983l5.603 3.113Z\" clip-rule=\"evenodd\" \/><\/svg><div class=\"ayg-thumbnail-now-playing\" style=\"display: none;\">Now Playing<\/div>        \n    <\/div>\n    <div class=\"ayg-thumbnail-caption\">\n         \n            <div class=\"ayg-thumbnail-title\">Samir H\u00fcmb\u0259tov  Rusiya birinci at\u0259\u015f a\u00e7mamaqla ba\u011fl\u0131 verdiyi s\u00f6z\u0259 \u0259m\u0259l etm\u0259di.<\/div>\n         \n                    <\/div>           \n<\/div>                <\/div>\n                            <div class=\"ayg-video ayg-video-y5HEuz9ImBg ayg-col ayg-col-4 ayg-col-sm-3 ayg-col-xs-2\">\n                    <div class=\"ayg-thumbnail\" data-id=\"y5HEuz9ImBg\" data-title=\"Samir H\u00fcmb\u0259tov-Az\u0259rbaycan v\u0259 \u0130ran probleml\u0259ri\" data-url=\"\">\n    <div class=\"ayg-thumbnail-media\">\n        <img loading=\"lazy\" decoding=\"async\" src=\"https:\/\/i.ytimg.com\/vi\/y5HEuz9ImBg\/maxresdefault.jpg\" class=\"ayg-thumbnail-image\" width=\"320\" height=\"180\" alt=\"Samir H\u00fcmb\u0259tov-Az\u0259rbaycan v\u0259 \u0130ran probleml\u0259ri\" \/><svg xmlns=\"http:\/\/www.w3.org\/2000\/svg\" fill=\"white\" width=\"40\" height=\"40\" viewBox=\"0 0 24 24\" class=\"ayg-icon ayg-thumbnail-icon-play\" title=\"Play\" aria-label=\"Play\"><path fill-rule=\"evenodd\" d=\"M2.25 12c0-5.385 4.365-9.75 9.75-9.75s9.75 4.365 9.75 9.75-4.365 9.75-9.75 9.75S2.25 17.385 2.25 12Zm14.024-.983a1.125 1.125 0 0 1 0 1.966l-5.603 3.113A1.125 1.125 0 0 1 9 15.113V8.887c0-.857.921-1.4 1.671-.983l5.603 3.113Z\" clip-rule=\"evenodd\" \/><\/svg><div class=\"ayg-thumbnail-now-playing\" style=\"display: none;\">Now Playing<\/div>        \n    <\/div>\n    <div class=\"ayg-thumbnail-caption\">\n         \n            <div class=\"ayg-thumbnail-title\">Samir H\u00fcmb\u0259tov-Az\u0259rbaycan v\u0259 \u0130ran probleml\u0259ri<\/div>\n         \n                    <\/div>           \n<\/div>                <\/div>\n                    <\/div>\n            <\/ayg-theme-classic>\n<\/div>\n<\/div>\n\t\t\t\t\t\t<\/div>\n\t\t\t\t<\/div>\n\t\t            <\/div>\n        <\/div>\n                    <\/div>\n        <\/section>\n        \t\t<\/div>\n\t\t","protected":false},"excerpt":{"rendered":"","protected":false},"author":1,"featured_media":0,"parent":0,"menu_order":0,"comment_status":"closed","ping_status":"closed","template":"","meta":{"footnotes":""},"class_list":["post-6758","page","type-page","status-publish","hentry"],"_links":{"self":[{"href":"https:\/\/irds-center.com\/ru\/wp-json\/wp\/v2\/pages\/6758","targetHints":{"allow":["GET"]}}],"collection":[{"href":"https:\/\/irds-center.com\/ru\/wp-json\/wp\/v2\/pages"}],"about":[{"href":"https:\/\/irds-center.com\/ru\/wp-json\/wp\/v2\/types\/page"}],"author":[{"embeddable":true,"href":"https:\/\/irds-center.com\/ru\/wp-json\/wp\/v2\/users\/1"}],"replies":[{"embeddable":true,"href":"https:\/\/irds-center.com\/ru\/wp-json\/wp\/v2\/comments?post=6758"}],"version-history":[{"count":1,"href":"https:\/\/irds-center.com\/ru\/wp-json\/wp\/v2\/pages\/6758\/revisions"}],"predecessor-version":[{"id":6760,"href":"https:\/\/irds-center.com\/ru\/wp-json\/wp\/v2\/pages\/6758\/revisions\/6760"}],"wp:attachment":[{"href":"https:\/\/irds-center.com\/ru\/wp-json\/wp\/v2\/media?parent=6758"}],"curies":[{"name":"wp","href":"https:\/\/api.w.org\/{rel}","templated":true}]}}